{"id":82,"date":"2026-03-03T06:45:08","date_gmt":"2026-03-03T06:45:08","guid":{"rendered":"https:\/\/comercializadoracfys.com\/productos\/producto\/arana-para-tuerca-de-fijacion\/"},"modified":"2026-03-03T06:48:17","modified_gmt":"2026-03-03T06:48:17","slug":"arana-para-tuerca-de-fijacion","status":"publish","type":"product","link":"https:\/\/comercializadoracfys.com\/productos\/producto\/arana-para-tuerca-de-fijacion\/","title":{"rendered":"ARA\u00d1A PARA TUERCA DE FIJACI\u00d3N"},"content":{"rendered":"<p>ARA\u00d1A PARA TUERCA DE FIJACI\u00d3N<\/p>\n","protected":false},"excerpt":{"rendered":"<p>ARA\u00d1A PARA TUERCA DE FIJACI\u00d3N<\/p>\n","protected":false},"featured_media":90,"template":"","meta":[],"product_brand":[],"product_cat":[28],"product_tag":[],"class_list":{"0":"post-82","1":"product","2":"type-product","3":"status-publish","4":"has-post-thumbnail","6":"product_cat-refacciones-equipos-industriales","8":"first","9":"instock","10":"shipping-taxable","11":"product-type-simple"},"_links":{"self":[{"href":"https:\/\/comercializadoracfys.com\/productos\/wp-json\/wp\/v2\/product\/82","targetHints":{"allow":["GET"]}}],"collection":[{"href":"https:\/\/comercializadoracfys.com\/productos\/wp-json\/wp\/v2\/product"}],"about":[{"href":"https:\/\/comercializadoracfys.com\/productos\/wp-json\/wp\/v2\/types\/product"}],"wp:featuredmedia":[{"embeddable":true,"href":"https:\/\/comercializadoracfys.com\/productos\/wp-json\/wp\/v2\/media\/90"}],"wp:attachment":[{"href":"https:\/\/comercializadoracfys.com\/productos\/wp-json\/wp\/v2\/media?parent=82"}],"wp:term":[{"taxonomy":"product_brand","embeddable":true,"href":"https:\/\/comercializadoracfys.com\/productos\/wp-json\/wp\/v2\/product_brand?post=82"},{"taxonomy":"product_cat","embeddable":true,"href":"https:\/\/comercializadoracfys.com\/productos\/wp-json\/wp\/v2\/product_cat?post=82"},{"taxonomy":"product_tag","embeddable":true,"href":"https:\/\/comercializadoracfys.com\/productos\/wp-json\/wp\/v2\/product_tag?post=82"}],"curies":[{"name":"wp","href":"https:\/\/api.w.org\/{rel}","templated":true}]}}